{"id":7157,"date":"2022-04-09T10:58:04","date_gmt":"2022-04-09T08:58:04","guid":{"rendered":"https:\/\/www.ivfclinic.cz\/gynekologie\/"},"modified":"2022-12-01T13:33:46","modified_gmt":"2022-12-01T12:33:46","slug":"ginecologia","status":"publish","type":"page","link":"https:\/\/stage.ivfclinic.cz\/it\/ginecologia\/","title":{"rendered":"Ginecologia"},"content":{"rendered":"\t\t<div data-elementor-type=\"wp-page\" data-elementor-id=\"7157\" class=\"elementor elementor-7157 elementor-1673\">\n\t\t\t\t\t\t<div class=\"elementor-inner\">\n\t\t\t\t<div class=\"elementor-section-wrap\">\n\t\t\t\t\t\t\t\t\t<section class=\"elementor-section elementor-top-section elementor-element elementor-element-f88c710 elementor-section-boxed elementor-section-height-default elementor-section-height-default\" data-id=\"f88c710\" data-element_type=\"section\" data-settings=\"{&quot;background_background&quot;:&quot;classic&quot;}\">\n\t\t\t\t\t\t<div class=\"elementor-container elementor-column-gap-default\">\n\t\t\t\t\t\t\t<div class=\"elementor-row\">\n\t\t\t\t\t<div class=\"elementor-column elementor-col-100 elementor-top-column elementor-element elementor-element-4de7f61\" data-id=\"4de7f61\" data-element_type=\"column\">\n\t\t\t<div class=\"elementor-column-wrap elementor-element-populated\">\n\t\t\t\t\t\t\t<div class=\"elementor-widget-wrap\">\n\t\t\t\t\t\t<div class=\"elementor-element elementor-element-2db21fb left-text elementor-widget elementor-widget-text-editor\" data-id=\"2db21fb\" data-element_type=\"widget\" data-widget_type=\"text-editor.default\">\n\t\t\t\t<div class=\"elementor-widget-container\">\n\t\t\t\t\t\t\t\t<div class=\"elementor-text-editor elementor-clearfix\">\n\t\t\t\t\t\t\t\t\t<\/div>\n\t\t\t\t\t\t<\/div>\n\t\t\t\t<\/div>\n\t\t\t\t<div class=\"elementor-element elementor-element-bb0a893 elementor-widget elementor-widget-html\" data-id=\"bb0a893\" data-element_type=\"widget\" data-widget_type=\"html.default\">\n\t\t\t\t<div class=\"elementor-widget-container\">\n\t\t\t<script>\r\njQuery(document).ready(function() {\r\n    \/\/ run the accordion\r\n  var allPanels = jQuery('.accord-content').hide();\r\n  var heads = jQuery('.accordion header');\r\n  jQuery(heads).on('click', function() {\r\n      $this = jQuery(this);\r\n      $target =  $this.parent().find('div.accord-content');\r\n      if(!$target.hasClass('active')){\r\n          heads.removeClass('selected');\r\n          $this.addClass('selected');\r\n          allPanels.removeClass('active').slideUp();\r\n          $target.addClass('active').slideDown();\r\n      }else {\r\n          heads.removeClass('selected');\r\n          allPanels.removeClass('active').slideUp();\r\n\t\t}\r\n  });\r\n});\r\n<\/script>\t\t<\/div>\n\t\t\t\t<\/div>\n\t\t\t\t<div class=\"elementor-element elementor-element-823db72 two-col-accordion pink elementor-widget elementor-widget-html\" data-id=\"823db72\" data-element_type=\"widget\" data-widget_type=\"html.default\">\n\t\t\t\t<div class=\"elementor-widget-container\">\n\t\t\t<section class=\"container\">\r\n<div class=\"left-half\">\r\n                                            <article class=\"accordion\">\r\n    <section>\r\n        <header>\r\n            <img width=\"45\" height=\"61\" src=\"https:\/\/stage.ivfclinic.cz\/wp-content\/uploads\/2022\/04\/gynecology-2.svg\" class=\"attachment-post-thumbnail size-post-thumbnail wp-post-image\" alt=\"\" decoding=\"async\" loading=\"lazy\" \/>\r\n            <div class=\"header-group\">\r\n                <h3>Cure ginecologiche e visite preventive<\/h3>\r\n                <h4><\/h4>\r\n            <\/div>\r\n        <\/header>\r\n        <div class=\"accord-content\" style=\"display: none;\">\r\n            <h5><\/h5><p lang=\"it-IT\">Gli esami preventivi comprendono la palpazione, l&#8217;esame colposcopico con uno striscio cervicale, compreso l&#8217;esame per i virus HPV nelle pazienti che hanno tale prescrizione per et\u00e0 o diagnosi. Eseguiamo anche ecografie e raccomandazioni per l&#8217;auto-esame del seno e, in caso di necessit\u00e0, <span lang=\"en-US\">si effettua<\/span> la prescrizione medica per la mammografia. Forniamo anche cure per problemi cronici, come irregolarit\u00e0 del ciclo mestruale.<\/p>\n\r\n        <\/div>\r\n    <\/section>\r\n<\/article>                                        <article class=\"accordion\">\r\n    <section>\r\n        <header>\r\n            <img width=\"42\" height=\"64\" src=\"https:\/\/stage.ivfclinic.cz\/wp-content\/uploads\/2022\/04\/pregnant.svg\" class=\"attachment-post-thumbnail size-post-thumbnail wp-post-image\" alt=\"\" decoding=\"async\" loading=\"lazy\" \/>\r\n            <div class=\"header-group\">\r\n                <h3>Assistenza completa durante la gravidanza e prenatale<\/h3>\r\n                <h4><\/h4>\r\n            <\/div>\r\n        <\/header>\r\n        <div class=\"accord-content\" style=\"display: none;\">\r\n            <h5><\/h5><p lang=\"it-IT\">L&#8217;assistenza alla gravidanza \u00e8 fornita dai nostri medici specialisti che seguono le procedure raccomandate della Societ\u00e0 ginecologica e ostetrica ceca e sono integrate in modo rilevante da un team di ostetriche che hanno una lunga esperienza nella cura delle donne in gravidanza, cos\u00ec come <span lang=\"en-US\">per <\/span>le donne nel periodo post-parto.Parte di queste cure riguarda anche la consulenza <span lang=\"en-US\">per <\/span>l\u2019allattamento.<\/p>\n\r\n        <\/div>\r\n    <\/section>\r\n<\/article>                            <\/div>\r\n\r\n<div class=\"right-half\">\r\n                                        <article class=\"accordion\">\r\n    <section>\r\n        <header>\r\n            <img width=\"52\" height=\"61\" src=\"https:\/\/stage.ivfclinic.cz\/wp-content\/uploads\/2022\/04\/herb.svg\" class=\"attachment-post-thumbnail size-post-thumbnail wp-post-image\" alt=\"\" decoding=\"async\" loading=\"lazy\" \/>\r\n            <div class=\"header-group\">\r\n                <h3>Procedure speciali<\/h3>\r\n                <h4><\/h4>\r\n            <\/div>\r\n        <\/header>\r\n        <div class=\"accord-content\" style=\"display: none;\">\r\n            <h5><\/h5><p lang=\"it-IT\">Cerchiamo di integrare il nostro trattamento con procedure naturali. Siamo la prima clinica di PMA in Repubblica Ceca che offre la possibilit\u00e0 di vapori vaginali con erbe officinali. Questa procedura pu\u00f2 essere utilizzata dalle nostre pazienti come integratore e supporto per il trattamento dell&#8217;infertilit\u00e0, per problemi ginecologici (e.g. endometriosi) o per regolare il ciclo mestruale. Questa procedura \u00e8 adatta anche come preparazione al parto per le donne incinte. Le nostre ostetriche saranno liete di fornirvi maggiori informazioni.<\/p>\n\r\n        <\/div>\r\n    <\/section>\r\n<\/article>                                    <article class=\"accordion\">\r\n    <section>\r\n        <header>\r\n            <img width=\"67\" height=\"64\" src=\"https:\/\/stage.ivfclinic.cz\/wp-content\/uploads\/2022\/04\/stethoscope-2.svg\" class=\"attachment-post-thumbnail size-post-thumbnail wp-post-image\" alt=\"\" decoding=\"async\" loading=\"lazy\" \/>\r\n            <div class=\"header-group\">\r\n                <h3>Cure ginecologiche in caso di patologie acute<\/h3>\r\n                <h4><\/h4>\r\n            <\/div>\r\n        <\/header>\r\n        <div class=\"accord-content\" style=\"display: none;\">\r\n            <h5><\/h5><p lang=\"it-IT\">In caso di problemi ginecologici acuti, il trattamento da parte di un nostro medico \u00e8 possibile tutti i giorni della settimana.<\/p>\n\r\n        <\/div>\r\n    <\/section>\r\n<\/article>                            <\/div>\r\n<\/section>\r\n\t\t<\/div>\n\t\t\t\t<\/div>\n\t\t\t\t<div class=\"elementor-element elementor-element-3ecfe99 elementor-widget elementor-widget-dce-rawphp\" data-id=\"3ecfe99\" data-element_type=\"widget\" data-widget_type=\"dce-rawphp.default\">\n\t\t\t\t<div class=\"elementor-widget-container\">\n\t\t\t<!-- Dynamic PHP Raw --><script>\r\njQuery(window).load(function() {\r\n    let interval = setInterval(function () {\r\n\r\n            if (jQuery('.accordion').length > 0) {\r\n                jQuery('.accordion').on('click', function() {\r\n                    if(jQuery(this).find('header').hasClass('selected')) {\r\n                        let headerHeight = jQuery(\".main-header\").height() + 40;\r\n                        let header = jQuery(this).find('header');\r\n                        console.log(header.length);\r\n                        if(header.length) {\r\n                            setTimeout(()=>{\r\n                                jQuery('html, body').animate({\r\n                                    scrollTop: header.offset().top - headerHeight\r\n                                }, 600);\r\n                            },600);\r\n                        }\r\n                    }\r\n                });\r\n                clearInterval(interval);\r\n            }\r\n    }, 1000);\r\n});\r\n\r\n<\/script>\r\n\r\n\t\t<\/div>\n\t\t\t\t<\/div>\n\t\t\t\t\t\t<\/div>\n\t\t\t\t\t<\/div>\n\t\t<\/div>\n\t\t\t\t\t\t\t\t<\/div>\n\t\t\t\t\t<\/div>\n\t\t<\/section>\n\t\t\t\t<section data-dce-background-overlay-image-url=\"https:\/\/www.ivfclinic.cz\/wp-content\/uploads\/2022\/04\/bily-v2.png\" class=\"elementor-section elementor-top-section elementor-element elementor-element-e398ca5 elementor-section-boxed elementor-section-height-default elementor-section-height-default\" data-id=\"e398ca5\" data-element_type=\"section\" data-settings=\"{&quot;background_background&quot;:&quot;classic&quot;}\">\n\t\t\t\t\t\t\t<div class=\"elementor-background-overlay\"><\/div>\n\t\t\t\t\t\t\t<div class=\"elementor-container elementor-column-gap-default\">\n\t\t\t\t\t\t\t<div class=\"elementor-row\">\n\t\t\t\t\t<div class=\"elementor-column elementor-col-100 elementor-top-column elementor-element elementor-element-69ab0e9\" data-id=\"69ab0e9\" data-element_type=\"column\">\n\t\t\t<div class=\"elementor-column-wrap elementor-element-populated\">\n\t\t\t\t\t\t\t<div class=\"elementor-widget-wrap\">\n\t\t\t\t\t\t<div class=\"elementor-element elementor-element-560a0fc0 elementor-widget__width-auto dce_masking-none elementor-widget elementor-widget-image\" data-id=\"560a0fc0\" data-element_type=\"widget\" data-widget_type=\"image.default\">\n\t\t\t\t<div class=\"elementor-widget-container\">\n\t\t\t\t\t\t\t\t<div class=\"elementor-image\">\n\t\t\t\t\t\t\t\t\t\t\t\t<img decoding=\"async\" width=\"57\" height=\"56\" src=\"https:\/\/stage.ivfclinic.cz\/wp-content\/uploads\/2022\/04\/Group-1114.svg\" class=\"attachment-large size-large wp-image-6202\" alt=\"\" loading=\"lazy\" \/>\t\t\t\t\t\t\t\t\t\t\t\t\t\t<\/div>\n\t\t\t\t\t\t<\/div>\n\t\t\t\t<\/div>\n\t\t\t\t<div class=\"elementor-element elementor-element-c69291a elementor-widget__width-auto elementor-widget-mobile__width-inherit elementor-widget elementor-widget-heading\" data-id=\"c69291a\" data-element_type=\"widget\" data-widget_type=\"heading.default\">\n\t\t\t\t<div class=\"elementor-widget-container\">\n\t\t\t<h2 class=\"elementor-heading-title elementor-size-default\">Interventi ginecologiche<\/h2>\t\t<\/div>\n\t\t\t\t<\/div>\n\t\t\t\t<div class=\"elementor-element elementor-element-69c65729 elementor-widget__width-auto dce_masking-none elementor-widget elementor-widget-image\" data-id=\"69c65729\" data-element_type=\"widget\" data-widget_type=\"image.default\">\n\t\t\t\t<div class=\"elementor-widget-container\">\n\t\t\t\t\t\t\t\t<div class=\"elementor-image\">\n\t\t\t\t\t\t\t\t\t\t\t\t<img decoding=\"async\" width=\"57\" height=\"56\" src=\"https:\/\/stage.ivfclinic.cz\/wp-content\/uploads\/2022\/04\/Group-1114.svg\" class=\"attachment-large size-large wp-image-6202\" alt=\"\" loading=\"lazy\" \/>\t\t\t\t\t\t\t\t\t\t\t\t\t\t<\/div>\n\t\t\t\t\t\t<\/div>\n\t\t\t\t<\/div>\n\t\t\t\t<div class=\"elementor-element elementor-element-145d79c elementor-widget elementor-widget-text-editor\" data-id=\"145d79c\" data-element_type=\"widget\" data-widget_type=\"text-editor.default\">\n\t\t\t\t<div class=\"elementor-widget-container\">\n\t\t\t\t\t\t\t\t<div class=\"elementor-text-editor elementor-clearfix\">\n\t\t\t\t\t\t\t\t\t<\/div>\n\t\t\t\t\t\t<\/div>\n\t\t\t\t<\/div>\n\t\t\t\t<div class=\"elementor-element elementor-element-ccd8b24 elementor-widget elementor-widget-text-editor\" data-id=\"ccd8b24\" data-element_type=\"widget\" data-widget_type=\"text-editor.default\">\n\t\t\t\t<div class=\"elementor-widget-container\">\n\t\t\t\t\t\t\t\t<div class=\"elementor-text-editor elementor-clearfix\">\n\t\t\t\tNella nostra clinica sono effettuati i seguenti interventi ed esami:\n\t\t\t\t\t<\/div>\n\t\t\t\t\t\t<\/div>\n\t\t\t\t<\/div>\n\t\t\t\t<div class=\"elementor-element elementor-element-ab7aa46 two-col-accordion green elementor-widget elementor-widget-html\" data-id=\"ab7aa46\" data-element_type=\"widget\" data-widget_type=\"html.default\">\n\t\t\t\t<div class=\"elementor-widget-container\">\n\t\t\t<section class=\"container\">\r\n<div class=\"left-half\">\r\n                                            <article class=\"accordion\">\r\n    <section>\r\n        <header>\r\n            <img width=\"59\" height=\"55\" src=\"https:\/\/stage.ivfclinic.cz\/wp-content\/uploads\/2022\/04\/womb.svg\" class=\"attachment-post-thumbnail size-post-thumbnail wp-post-image\" alt=\"\" decoding=\"async\" loading=\"lazy\" \/>\r\n            <div class=\"header-group\">\r\n                <h3>Isteroscopia diagnostica<\/h3>\r\n                <h4><\/h4>\r\n            <\/div>\r\n        <\/header>\r\n        <div class=\"accord-content\" style=\"display: none;\">\r\n            <h5><\/h5><p lang=\"it-IT\">L&#8217;isteroscopia \u00e8 un esame endoscopico dell\u2019utero che permette di vedere le condizioni anatomiche nella cavit\u00e0 uterina; il medico preleva un campione di endometrio per l&#8217;esame istologico. Durante l&#8217;esame possono essere rimosse anche formazioni indesiderate, come polipi. Questo esame viene solitamente eseguito in anestesia totale.<\/p>\n\r\n        <\/div>\r\n    <\/section>\r\n<\/article>                                        <article class=\"accordion\">\r\n    <section>\r\n        <header>\r\n            <img width=\"45\" height=\"65\" src=\"https:\/\/stage.ivfclinic.cz\/wp-content\/uploads\/2022\/04\/doctor-11.svg\" class=\"attachment-post-thumbnail size-post-thumbnail wp-post-image\" alt=\"\" decoding=\"async\" loading=\"lazy\" \/>\r\n            <div class=\"header-group\">\r\n                <h3>Raschiamento della cervice e del corpo dell\u2019utero<\/h3>\r\n                <h4><\/h4>\r\n            <\/div>\r\n        <\/header>\r\n        <div class=\"accord-content\" style=\"display: none;\">\r\n            <h5><\/h5><p lang=\"it-IT\">Il curettage \u00e8 una breve procedura ginecologica in cui viene raschiato il rivestimento uterino. Solitamente viene eseguito in caso di sanguinamento irregolare causato da disturbi ormonali e in caso di crescita anomala dell\u2019endometrio. I campioni di tessuto ottenuti mediante raschiatura vengono inviati per l&#8217;esame istologico.<\/p>\n\r\n        <\/div>\r\n    <\/section>\r\n<\/article>                                        <article class=\"accordion\">\r\n    <section>\r\n        <header>\r\n            <img width=\"70\" height=\"66\" src=\"https:\/\/stage.ivfclinic.cz\/wp-content\/uploads\/2022\/04\/pelvic-exam.svg\" class=\"attachment-post-thumbnail size-post-thumbnail wp-post-image\" alt=\"\" decoding=\"async\" loading=\"lazy\" \/>\r\n            <div class=\"header-group\">\r\n                <h3>Raschiamento della cavit\u00e0 uterina<\/h3>\r\n                <h4><\/h4>\r\n            <\/div>\r\n        <\/header>\r\n        <div class=\"accord-content\" style=\"display: none;\">\r\n            <h5><\/h5><p lang=\"it-IT\">Si tratta di un breve intervento ginecologico in anestesia totale, il cui scopo \u00e8 rimuovere il tessuto dalla cavit\u00e0 uterina. Viene spesso eseguito dopo un aborto silente o un aborto spontaneo incompleto. Un campione del tessuto ottenuto viene inviato per l&#8217;esame genetico.<\/p>\n\r\n        <\/div>\r\n    <\/section>\r\n<\/article>                            <\/div>\r\n\r\n<div class=\"right-half\">\r\n                                        <article class=\"accordion\">\r\n    <section>\r\n        <header>\r\n            <img width=\"45\" height=\"60\" src=\"https:\/\/stage.ivfclinic.cz\/wp-content\/uploads\/2022\/04\/diet-1.svg\" class=\"attachment-post-thumbnail size-post-thumbnail wp-post-image\" alt=\"\" decoding=\"async\" loading=\"lazy\" \/>\r\n            <div class=\"header-group\">\r\n                <h3>Interruzione di gravidanza nel I\u00b0 trimestre<\/h3>\r\n                <h4><\/h4>\r\n            <\/div>\r\n        <\/header>\r\n        <div class=\"accord-content\" style=\"display: none;\">\r\n            <h5><\/h5><p lang=\"it-IT\">Questo intervento ginecologico si effettua in anestesia totale, la gravidanza viene interrotta su richiesta della donna secondo la legislazione vigente.<\/p>\n\r\n        <\/div>\r\n    <\/section>\r\n<\/article>                                    <article class=\"accordion\">\r\n    <section>\r\n        <header>\r\n            <img width=\"59\" height=\"59\" src=\"https:\/\/stage.ivfclinic.cz\/wp-content\/uploads\/2022\/04\/ultrasound-machine.svg\" class=\"attachment-post-thumbnail size-post-thumbnail wp-post-image\" alt=\"\" decoding=\"async\" loading=\"lazy\" \/>\r\n            <div class=\"header-group\">\r\n                <h3>Esame della perviet\u00e0 delle tube &#8211; HyCoSy<\/h3>\r\n                <h4><\/h4>\r\n            <\/div>\r\n        <\/header>\r\n        <div class=\"accord-content\" style=\"display: none;\">\r\n            <h5><\/h5><p lang=\"it-IT\">Esame ecografico della perviet\u00e0 delle tube di Falloppio utilizzando un mezzo di contrasto. L&#8217;esecuzione \u00e8 delicata e indolore, viene eseguita in regime ambulatoriale.<\/p>\n\r\n        <\/div>\r\n    <\/section>\r\n<\/article>                                    <article class=\"accordion\">\r\n    <section>\r\n        <header>\r\n            <img width=\"76\" height=\"63\" src=\"https:\/\/stage.ivfclinic.cz\/wp-content\/uploads\/2022\/04\/Group-4465.svg\" class=\"attachment-post-thumbnail size-post-thumbnail wp-post-image\" alt=\"\" decoding=\"async\" loading=\"lazy\" \/>\r\n            <div class=\"header-group\">\r\n                <h3>Aspirazione di cisti ovariche<\/h3>\r\n                <h4><\/h4>\r\n            <\/div>\r\n        <\/header>\r\n        <div class=\"accord-content\" style=\"display: none;\">\r\n            <h5><\/h5><p lang=\"it-IT\">Intervento ginecologico tramite il quale il contenuto liquido della cisti ovarica viene aspirato per via vaginale e inviato per l\u2019esame citologico. L&#8217;intera procedura viene eseguita sotto controllo ecografico ed \u00e8 ben tollerata da<span lang=\"en-US\">lle <\/span>pazienti anche senza anestesia totale.<\/p>\n\r\n        <\/div>\r\n    <\/section>\r\n<\/article>                            <\/div>\r\n<\/section>\r\n\t\t<\/div>\n\t\t\t\t<\/div>\n\t\t\t\t\t\t<\/div>\n\t\t\t\t\t<\/div>\n\t\t<\/div>\n\t\t\t\t\t\t\t\t<\/div>\n\t\t\t\t\t<\/div>\n\t\t<\/section>\n\t\t\t\t\t\t\t\t\t<\/div>\n\t\t\t<\/div>\n\t\t\t\t\t<\/div>\n\t\t","protected":false},"excerpt":{"rendered":"<p>Interventi ginecologiche Nella nostra clinica sono effettuati i seguenti interventi ed esami:<\/p>\n","protected":false},"author":1,"featured_media":8750,"parent":0,"menu_order":0,"comment_status":"closed","ping_status":"closed","template":"elementor_header_footer","meta":[],"acf":[],"aioseo_notices":[],"_links":{"self":[{"href":"https:\/\/stage.ivfclinic.cz\/it\/wp-json\/wp\/v2\/pages\/7157"}],"collection":[{"href":"https:\/\/stage.ivfclinic.cz\/it\/wp-json\/wp\/v2\/pages"}],"about":[{"href":"https:\/\/stage.ivfclinic.cz\/it\/wp-json\/wp\/v2\/types\/page"}],"author":[{"embeddable":true,"href":"https:\/\/stage.ivfclinic.cz\/it\/wp-json\/wp\/v2\/users\/1"}],"replies":[{"embeddable":true,"href":"https:\/\/stage.ivfclinic.cz\/it\/wp-json\/wp\/v2\/comments?post=7157"}],"version-history":[{"count":27,"href":"https:\/\/stage.ivfclinic.cz\/it\/wp-json\/wp\/v2\/pages\/7157\/revisions"}],"predecessor-version":[{"id":10386,"href":"https:\/\/stage.ivfclinic.cz\/it\/wp-json\/wp\/v2\/pages\/7157\/revisions\/10386"}],"wp:featuredmedia":[{"embeddable":true,"href":"https:\/\/stage.ivfclinic.cz\/it\/wp-json\/wp\/v2\/media\/8750"}],"wp:attachment":[{"href":"https:\/\/stage.ivfclinic.cz\/it\/wp-json\/wp\/v2\/media?parent=7157"}],"curies":[{"name":"wp","href":"https:\/\/api.w.org\/{rel}","templated":true}]}}